{"id":335,"date":"2014-02-04T17:15:41","date_gmt":"2014-02-04T17:15:41","guid":{"rendered":"http:\/\/www.armazemdasfloresitu.com.br\/armazem\/?page_id=335"},"modified":"2015-01-16T17:54:49","modified_gmt":"2015-01-16T17:54:49","slug":"significado-das-flores","status":"publish","type":"page","link":"https:\/\/www.armazemdasfloresitu.com.br\/armazem\/significado-das-flores\/","title":{"rendered":"SIGNIFICADO DAS FLORES"},"content":{"rendered":"<p><a href=\"http:\/\/www.armazemdasfloresitu.com.br\/armazem\/wp-content\/uploads\/2014\/02\/1.jpg\"><img loading=\"lazy\" decoding=\"async\" class=\"alignnone size-full wp-image-389\" src=\"http:\/\/www.armazemdasfloresitu.com.br\/armazem\/wp-content\/uploads\/2014\/02\/1.jpg\" alt=\"1\" width=\"300\" height=\"226\" \/><\/a><\/p>\n<p>Agerato<br \/>\npurifica\u00e7\u00e3o; pureza emocional<\/p>\n<p><a href=\"http:\/\/www.armazemdasfloresitu.com.br\/armazem\/wp-content\/uploads\/2014\/02\/2.jpg\"><img loading=\"lazy\" decoding=\"async\" class=\"alignnone size-full wp-image-390\" src=\"http:\/\/www.armazemdasfloresitu.com.br\/armazem\/wp-content\/uploads\/2014\/02\/2.jpg\" alt=\"2\" width=\"299\" height=\"226\" \/><\/a><\/p>\n<p>Alstrom\u00e9ria<br \/>\nFelicidade, amizade.<\/p>\n<p><a href=\"http:\/\/www.armazemdasfloresitu.com.br\/armazem\/wp-content\/uploads\/2014\/02\/3.jpg\"><img loading=\"lazy\" decoding=\"async\" class=\"alignnone size-full wp-image-391\" src=\"http:\/\/www.armazemdasfloresitu.com.br\/armazem\/wp-content\/uploads\/2014\/02\/3.jpg\" alt=\"3\" width=\"300\" height=\"226\" \/><\/a><\/p>\n<p>Amar\u00edlis<br \/>\nOrgulho, altivez, eleg\u00e2ncia, gra\u00e7a<\/p>\n<p><a href=\"http:\/\/www.armazemdasfloresitu.com.br\/armazem\/wp-content\/uploads\/2014\/02\/4.jpg\"><img loading=\"lazy\" decoding=\"async\" class=\"alignnone size-full wp-image-392\" src=\"http:\/\/www.armazemdasfloresitu.com.br\/armazem\/wp-content\/uploads\/2014\/02\/4.jpg\" alt=\"4\" width=\"298\" height=\"226\" \/><\/a><\/p>\n<p>Amor perfeito<br \/>\nMedita\u00e7\u00e3o, recorda\u00e7\u00f5es, reflex\u00e3o<\/p>\n<p><a href=\"http:\/\/www.armazemdasfloresitu.com.br\/armazem\/wp-content\/uploads\/2014\/02\/5.jpg\"><img loading=\"lazy\" decoding=\"async\" class=\"alignnone size-full wp-image-393\" src=\"http:\/\/www.armazemdasfloresitu.com.br\/armazem\/wp-content\/uploads\/2014\/02\/5.jpg\" alt=\"5\" width=\"301\" height=\"226\" srcset=\"https:\/\/armazemdasfloresitu.com.br\/armazem\/wp-content\/uploads\/2014\/02\/5.jpg 301w, https:\/\/armazemdasfloresitu.com.br\/armazem\/wp-content\/uploads\/2014\/02\/5-300x225.jpg 300w\" sizes=\"auto, (max-width: 301px) 100vw, 301px\" \/><\/a><\/p>\n<p>\u00c1ster<br \/>\nLealdade, fidelidade, sabedoria, bons pensamentos, poder, luz<\/p>\n<p><a href=\"http:\/\/www.armazemdasfloresitu.com.br\/armazem\/wp-content\/uploads\/2014\/02\/6.jpg\"><img loading=\"lazy\" decoding=\"async\" class=\"alignnone size-full wp-image-394\" src=\"http:\/\/www.armazemdasfloresitu.com.br\/armazem\/wp-content\/uploads\/2014\/02\/6.jpg\" alt=\"6\" width=\"310\" height=\"230\" srcset=\"https:\/\/armazemdasfloresitu.com.br\/armazem\/wp-content\/uploads\/2014\/02\/6.jpg 310w, https:\/\/armazemdasfloresitu.com.br\/armazem\/wp-content\/uploads\/2014\/02\/6-300x223.jpg 300w\" sizes=\"auto, (max-width: 310px) 100vw, 310px\" \/><\/a><\/p>\n<p>Azal\u00e9ia branca<br \/>\nRomance<\/p>\n<p>Azal\u00e9ia rosada<br \/>\nAmor \u00e0 natureza<\/p>\n<p><a href=\"http:\/\/www.armazemdasfloresitu.com.br\/armazem\/wp-content\/uploads\/2014\/02\/7.jpg\"><img loading=\"lazy\" decoding=\"async\" class=\"alignnone size-full wp-image-395\" src=\"http:\/\/www.armazemdasfloresitu.com.br\/armazem\/wp-content\/uploads\/2014\/02\/7.jpg\" alt=\"7\" width=\"319\" height=\"241\" srcset=\"https:\/\/armazemdasfloresitu.com.br\/armazem\/wp-content\/uploads\/2014\/02\/7.jpg 319w, https:\/\/armazemdasfloresitu.com.br\/armazem\/wp-content\/uploads\/2014\/02\/7-300x227.jpg 300w\" sizes=\"auto, (max-width: 319px) 100vw, 319px\" \/><\/a><\/p>\n<p>Beg\u00f3nia<br \/>\nTimidez, inoc\u00eancia, lealdade no amor<\/p>\n<p><a href=\"http:\/\/www.armazemdasfloresitu.com.br\/armazem\/wp-content\/uploads\/2014\/02\/8.jpg\"><img loading=\"lazy\" decoding=\"async\" class=\"alignnone size-full wp-image-396\" src=\"http:\/\/www.armazemdasfloresitu.com.br\/armazem\/wp-content\/uploads\/2014\/02\/8.jpg\" alt=\"8\" width=\"319\" height=\"241\" srcset=\"https:\/\/armazemdasfloresitu.com.br\/armazem\/wp-content\/uploads\/2014\/02\/8.jpg 319w, https:\/\/armazemdasfloresitu.com.br\/armazem\/wp-content\/uploads\/2014\/02\/8-300x227.jpg 300w\" sizes=\"auto, (max-width: 319px) 100vw, 319px\" \/><\/a><\/p>\n<p>Brom\u00e9lia<br \/>\nInspira\u00e7\u00e3o, resist\u00eancia<\/p>\n<p><a href=\"http:\/\/www.armazemdasfloresitu.com.br\/armazem\/wp-content\/uploads\/2014\/02\/9.jpg\"><img loading=\"lazy\" decoding=\"async\" class=\"alignnone size-full wp-image-397\" src=\"http:\/\/www.armazemdasfloresitu.com.br\/armazem\/wp-content\/uploads\/2014\/02\/9.jpg\" alt=\"9\" width=\"329\" height=\"248\" srcset=\"https:\/\/armazemdasfloresitu.com.br\/armazem\/wp-content\/uploads\/2014\/02\/9.jpg 329w, https:\/\/armazemdasfloresitu.com.br\/armazem\/wp-content\/uploads\/2014\/02\/9-300x226.jpg 300w\" sizes=\"auto, (max-width: 329px) 100vw, 329px\" \/><\/a><\/p>\n<p>Calla (jarro)<br \/>\nSofistica\u00e7\u00e3o, beleza<\/p>\n<p>Calla branca (jarro branco)<br \/>\nInoc\u00eancia, pureza, paz<\/p>\n<p><a href=\"http:\/\/www.armazemdasfloresitu.com.br\/armazem\/wp-content\/uploads\/2014\/02\/10.jpg\"><img loading=\"lazy\" decoding=\"async\" class=\"alignnone size-full wp-image-398\" src=\"http:\/\/www.armazemdasfloresitu.com.br\/armazem\/wp-content\/uploads\/2014\/02\/10.jpg\" alt=\"10\" width=\"337\" height=\"254\" srcset=\"https:\/\/armazemdasfloresitu.com.br\/armazem\/wp-content\/uploads\/2014\/02\/10.jpg 337w, https:\/\/armazemdasfloresitu.com.br\/armazem\/wp-content\/uploads\/2014\/02\/10-300x226.jpg 300w\" sizes=\"auto, (max-width: 337px) 100vw, 337px\" \/><\/a><\/p>\n<p>Ciclame<br \/>\nPedido de desculpas (vermelho para namorados e branco para os outros), resigna\u00e7\u00e3o<\/p>\n<p><a href=\"http:\/\/www.armazemdasfloresitu.com.br\/armazem\/wp-content\/uploads\/2014\/02\/11.jpg\"><img loading=\"lazy\" decoding=\"async\" class=\"alignnone size-full wp-image-399\" src=\"http:\/\/www.armazemdasfloresitu.com.br\/armazem\/wp-content\/uploads\/2014\/02\/11.jpg\" alt=\"11\" width=\"346\" height=\"261\" srcset=\"https:\/\/armazemdasfloresitu.com.br\/armazem\/wp-content\/uploads\/2014\/02\/11.jpg 346w, https:\/\/armazemdasfloresitu.com.br\/armazem\/wp-content\/uploads\/2014\/02\/11-300x226.jpg 300w\" sizes=\"auto, (max-width: 346px) 100vw, 346px\" \/><\/a><\/p>\n<p>Cravina<\/p>\n<p>subtileza, perfei\u00e7\u00e3o, galanteria<\/p>\n<p><a href=\"http:\/\/www.armazemdasfloresitu.com.br\/armazem\/wp-content\/uploads\/2014\/02\/12.jpg\"><img loading=\"lazy\" decoding=\"async\" class=\"alignnone size-full wp-image-400\" src=\"http:\/\/www.armazemdasfloresitu.com.br\/armazem\/wp-content\/uploads\/2014\/02\/12.jpg\" alt=\"12\" width=\"347\" height=\"312\" srcset=\"https:\/\/armazemdasfloresitu.com.br\/armazem\/wp-content\/uploads\/2014\/02\/12.jpg 347w, https:\/\/armazemdasfloresitu.com.br\/armazem\/wp-content\/uploads\/2014\/02\/12-300x270.jpg 300w\" sizes=\"auto, (max-width: 347px) 100vw, 347px\" \/><\/a><\/p>\n<p>Cravo branco<br \/>\nAmor puro, ingenuidade, inoc\u00eancia, talento<\/p>\n<p>Cravo rosado<br \/>\nPrefer\u00eancia<\/p>\n<p>Cravo vermelho<br \/>\nAmor vivo, admira\u00e7\u00e3o<\/p>\n<p><a href=\"http:\/\/www.armazemdasfloresitu.com.br\/armazem\/wp-content\/uploads\/2014\/02\/13.jpg\"><img loading=\"lazy\" decoding=\"async\" class=\"alignnone size-full wp-image-401\" src=\"http:\/\/www.armazemdasfloresitu.com.br\/armazem\/wp-content\/uploads\/2014\/02\/13.jpg\" alt=\"13\" width=\"355\" height=\"295\" srcset=\"https:\/\/armazemdasfloresitu.com.br\/armazem\/wp-content\/uploads\/2014\/02\/13.jpg 355w, https:\/\/armazemdasfloresitu.com.br\/armazem\/wp-content\/uploads\/2014\/02\/13-300x249.jpg 300w\" sizes=\"auto, (max-width: 355px) 100vw, 355px\" \/><\/a><\/p>\n<p>Cris\u00e2ntemo amarelo<br \/>\nAmor fr\u00e1gil, amor menosprezado<\/p>\n<p>Cris\u00e2ntemo branco<br \/>\nVerdade, sinceridade<\/p>\n<p>Cris\u00e2ntemo vermelho<br \/>\nEu amo, amo-te<\/p>\n<p><a href=\"http:\/\/www.armazemdasfloresitu.com.br\/armazem\/wp-content\/uploads\/2014\/02\/14.jpg\"><img loading=\"lazy\" decoding=\"async\" class=\"alignnone size-full wp-image-402\" src=\"http:\/\/www.armazemdasfloresitu.com.br\/armazem\/wp-content\/uploads\/2014\/02\/14.jpg\" alt=\"14\" width=\"364\" height=\"262\" srcset=\"https:\/\/armazemdasfloresitu.com.br\/armazem\/wp-content\/uploads\/2014\/02\/14.jpg 364w, https:\/\/armazemdasfloresitu.com.br\/armazem\/wp-content\/uploads\/2014\/02\/14-300x216.jpg 300w\" sizes=\"auto, (max-width: 364px) 100vw, 364px\" \/><\/a><\/p>\n<p>Fr\u00e9sia<br \/>\nAcolhimento, prote\u00e7\u00e3o, calma<\/p>\n<p><a href=\"http:\/\/www.armazemdasfloresitu.com.br\/armazem\/wp-content\/uploads\/2014\/02\/15.jpg\"><img loading=\"lazy\" decoding=\"async\" class=\"alignnone size-full wp-image-403\" src=\"http:\/\/www.armazemdasfloresitu.com.br\/armazem\/wp-content\/uploads\/2014\/02\/15.jpg\" alt=\"15\" width=\"365\" height=\"274\" srcset=\"https:\/\/armazemdasfloresitu.com.br\/armazem\/wp-content\/uploads\/2014\/02\/15.jpg 365w, https:\/\/armazemdasfloresitu.com.br\/armazem\/wp-content\/uploads\/2014\/02\/15-300x225.jpg 300w\" sizes=\"auto, (max-width: 365px) 100vw, 365px\" \/><\/a><\/p>\n<p>Gerbera<br \/>\nEnergia, alegria, amor nobre<\/p>\n<p><a href=\"http:\/\/www.armazemdasfloresitu.com.br\/armazem\/wp-content\/uploads\/2014\/02\/16.jpg\"><img loading=\"lazy\" decoding=\"async\" class=\"alignnone size-full wp-image-404\" src=\"http:\/\/www.armazemdasfloresitu.com.br\/armazem\/wp-content\/uploads\/2014\/02\/16.jpg\" alt=\"16\" width=\"364\" height=\"274\" srcset=\"https:\/\/armazemdasfloresitu.com.br\/armazem\/wp-content\/uploads\/2014\/02\/16.jpg 364w, https:\/\/armazemdasfloresitu.com.br\/armazem\/wp-content\/uploads\/2014\/02\/16-300x226.jpg 300w\" sizes=\"auto, (max-width: 364px) 100vw, 364px\" \/><\/a><\/p>\n<p>Girassol<br \/>\nDignidade, gl\u00f3ria, homenagem, devo\u00e7\u00e3o<\/p>\n<p><a href=\"http:\/\/www.armazemdasfloresitu.com.br\/armazem\/wp-content\/uploads\/2014\/02\/17.jpg\"><img loading=\"lazy\" decoding=\"async\" class=\"alignnone size-full wp-image-405\" src=\"http:\/\/www.armazemdasfloresitu.com.br\/armazem\/wp-content\/uploads\/2014\/02\/17.jpg\" alt=\"17\" width=\"373\" height=\"279\" srcset=\"https:\/\/armazemdasfloresitu.com.br\/armazem\/wp-content\/uploads\/2014\/02\/17.jpg 373w, https:\/\/armazemdasfloresitu.com.br\/armazem\/wp-content\/uploads\/2014\/02\/17-300x224.jpg 300w\" sizes=\"auto, (max-width: 373px) 100vw, 373px\" \/><\/a><\/p>\n<p>Glox\u00ednia<br \/>\nAmor \u00e0 primeira vista<\/p>\n<p><a href=\"http:\/\/www.armazemdasfloresitu.com.br\/armazem\/wp-content\/uploads\/2014\/02\/18.jpg\"><img loading=\"lazy\" decoding=\"async\" class=\"alignnone size-full wp-image-406\" src=\"http:\/\/www.armazemdasfloresitu.com.br\/armazem\/wp-content\/uploads\/2014\/02\/18.jpg\" alt=\"18\" width=\"373\" height=\"280\" srcset=\"https:\/\/armazemdasfloresitu.com.br\/armazem\/wp-content\/uploads\/2014\/02\/18.jpg 373w, https:\/\/armazemdasfloresitu.com.br\/armazem\/wp-content\/uploads\/2014\/02\/18-300x225.jpg 300w\" sizes=\"auto, (max-width: 373px) 100vw, 373px\" \/><\/a><\/p>\n<p>&nbsp;<\/p>\n<p>Gypsophila<br \/>\nFelicidade<\/p>\n<p><a href=\"http:\/\/www.armazemdasfloresitu.com.br\/armazem\/wp-content\/uploads\/2014\/02\/191.jpg\"><img loading=\"lazy\" decoding=\"async\" class=\"alignnone size-full wp-image-420\" src=\"http:\/\/www.armazemdasfloresitu.com.br\/armazem\/wp-content\/uploads\/2014\/02\/191.jpg\" alt=\"19\" width=\"373\" height=\"275\" srcset=\"https:\/\/armazemdasfloresitu.com.br\/armazem\/wp-content\/uploads\/2014\/02\/191.jpg 373w, https:\/\/armazemdasfloresitu.com.br\/armazem\/wp-content\/uploads\/2014\/02\/191-300x221.jpg 300w\" sizes=\"auto, (max-width: 373px) 100vw, 373px\" \/><\/a><\/p>\n<p>Hibisco<br \/>\nBeleza delicada<\/p>\n<p><a href=\"http:\/\/www.armazemdasfloresitu.com.br\/armazem\/wp-content\/uploads\/2014\/02\/20.jpg\"><img loading=\"lazy\" decoding=\"async\" class=\"alignnone size-full wp-image-408\" src=\"http:\/\/www.armazemdasfloresitu.com.br\/armazem\/wp-content\/uploads\/2014\/02\/20.jpg\" alt=\"20\" width=\"381\" height=\"289\" srcset=\"https:\/\/armazemdasfloresitu.com.br\/armazem\/wp-content\/uploads\/2014\/02\/20.jpg 381w, https:\/\/armazemdasfloresitu.com.br\/armazem\/wp-content\/uploads\/2014\/02\/20-300x228.jpg 300w\" sizes=\"auto, (max-width: 381px) 100vw, 381px\" \/><\/a><\/p>\n<p>Hort\u00eancia<br \/>\nFrieza, indiferen\u00e7a, vaidade<\/p>\n<p><a href=\"http:\/\/www.armazemdasfloresitu.com.br\/armazem\/wp-content\/uploads\/2014\/02\/21.jpg\"><img loading=\"lazy\" decoding=\"async\" class=\"alignnone size-full wp-image-409\" src=\"http:\/\/www.armazemdasfloresitu.com.br\/armazem\/wp-content\/uploads\/2014\/02\/21.jpg\" alt=\"21\" width=\"382\" height=\"287\" srcset=\"https:\/\/armazemdasfloresitu.com.br\/armazem\/wp-content\/uploads\/2014\/02\/21.jpg 382w, https:\/\/armazemdasfloresitu.com.br\/armazem\/wp-content\/uploads\/2014\/02\/21-300x225.jpg 300w\" sizes=\"auto, (max-width: 382px) 100vw, 382px\" \/><\/a><\/p>\n<p>Jacinto<br \/>\nDelicadeza. Humildade<\/p>\n<p><a href=\"http:\/\/www.armazemdasfloresitu.com.br\/armazem\/wp-content\/uploads\/2014\/02\/22.jpg\"><img loading=\"lazy\" decoding=\"async\" class=\"alignnone size-full wp-image-410\" src=\"http:\/\/www.armazemdasfloresitu.com.br\/armazem\/wp-content\/uploads\/2014\/02\/22.jpg\" alt=\"22\" width=\"380\" height=\"286\" srcset=\"https:\/\/armazemdasfloresitu.com.br\/armazem\/wp-content\/uploads\/2014\/02\/22.jpg 380w, https:\/\/armazemdasfloresitu.com.br\/armazem\/wp-content\/uploads\/2014\/02\/22-300x226.jpg 300w\" sizes=\"auto, (max-width: 380px) 100vw, 380px\" \/><\/a><\/p>\n<p>Lavanda<br \/>\nConst\u00e2ncia<\/p>\n<p><a href=\"http:\/\/www.armazemdasfloresitu.com.br\/armazem\/wp-content\/uploads\/2014\/02\/23.jpg\"><img loading=\"lazy\" decoding=\"async\" class=\"alignnone size-full wp-image-411\" src=\"http:\/\/www.armazemdasfloresitu.com.br\/armazem\/wp-content\/uploads\/2014\/02\/23.jpg\" alt=\"23\" width=\"390\" height=\"292\" srcset=\"https:\/\/armazemdasfloresitu.com.br\/armazem\/wp-content\/uploads\/2014\/02\/23.jpg 390w, https:\/\/armazemdasfloresitu.com.br\/armazem\/wp-content\/uploads\/2014\/02\/23-300x225.jpg 300w\" sizes=\"auto, (max-width: 390px) 100vw, 390px\" \/><\/a><\/p>\n<p>L\u00edrio<br \/>\nCasamento, do\u00e7ura, inoc\u00eancia, pureza, nobreza<\/p>\n<p><a href=\"http:\/\/www.armazemdasfloresitu.com.br\/armazem\/wp-content\/uploads\/2014\/02\/24.jpg\"><img loading=\"lazy\" decoding=\"async\" class=\"alignnone size-full wp-image-412\" src=\"http:\/\/www.armazemdasfloresitu.com.br\/armazem\/wp-content\/uploads\/2014\/02\/24.jpg\" alt=\"24\" width=\"389\" height=\"291\" srcset=\"https:\/\/armazemdasfloresitu.com.br\/armazem\/wp-content\/uploads\/2014\/02\/24.jpg 389w, https:\/\/armazemdasfloresitu.com.br\/armazem\/wp-content\/uploads\/2014\/02\/24-300x224.jpg 300w\" sizes=\"auto, (max-width: 389px) 100vw, 389px\" \/><\/a><\/p>\n<p>Lisianthus<br \/>\nSofistica\u00e7\u00e3o, eleg\u00e2ncia, romance, entrega amorosa<\/p>\n<p><a href=\"http:\/\/www.armazemdasfloresitu.com.br\/armazem\/wp-content\/uploads\/2014\/02\/25.jpg\"><img loading=\"lazy\" decoding=\"async\" class=\"alignnone size-full wp-image-413\" src=\"http:\/\/www.armazemdasfloresitu.com.br\/armazem\/wp-content\/uploads\/2014\/02\/25.jpg\" alt=\"25\" width=\"402\" height=\"276\" srcset=\"https:\/\/armazemdasfloresitu.com.br\/armazem\/wp-content\/uploads\/2014\/02\/25.jpg 402w, https:\/\/armazemdasfloresitu.com.br\/armazem\/wp-content\/uploads\/2014\/02\/25-300x206.jpg 300w\" sizes=\"auto, (max-width: 402px) 100vw, 402px\" \/><\/a><\/p>\n<p>Margarida<br \/>\nInoc\u00eancia, amor inocente, gentileza<\/p>\n<p><a href=\"http:\/\/www.armazemdasfloresitu.com.br\/armazem\/wp-content\/uploads\/2014\/02\/26.jpg\"><img loading=\"lazy\" decoding=\"async\" class=\"alignnone size-full wp-image-414\" src=\"http:\/\/www.armazemdasfloresitu.com.br\/armazem\/wp-content\/uploads\/2014\/02\/26.jpg\" alt=\"26\" width=\"398\" height=\"299\" srcset=\"https:\/\/armazemdasfloresitu.com.br\/armazem\/wp-content\/uploads\/2014\/02\/26.jpg 398w, https:\/\/armazemdasfloresitu.com.br\/armazem\/wp-content\/uploads\/2014\/02\/26-300x225.jpg 300w\" sizes=\"auto, (max-width: 398px) 100vw, 398px\" \/><\/a><\/p>\n<p>Orqu\u00eddea<br \/>\nBeleza, lux\u00faria, perfei\u00e7\u00e3o, pureza espiritual, refinamento, magnefici\u00eancia<\/p>\n<p><a href=\"http:\/\/www.armazemdasfloresitu.com.br\/armazem\/wp-content\/uploads\/2014\/02\/27.jpg\"><img loading=\"lazy\" decoding=\"async\" class=\"alignnone size-full wp-image-415\" src=\"http:\/\/www.armazemdasfloresitu.com.br\/armazem\/wp-content\/uploads\/2014\/02\/27.jpg\" alt=\"27\" width=\"399\" height=\"301\" srcset=\"https:\/\/armazemdasfloresitu.com.br\/armazem\/wp-content\/uploads\/2014\/02\/27.jpg 399w, https:\/\/armazemdasfloresitu.com.br\/armazem\/wp-content\/uploads\/2014\/02\/27-300x226.jpg 300w\" sizes=\"auto, (max-width: 399px) 100vw, 399px\" \/><\/a><\/p>\n<p>Poins\u00e9tia<br \/>\n\u00c2nimo<\/p>\n<p><a href=\"http:\/\/www.armazemdasfloresitu.com.br\/armazem\/wp-content\/uploads\/2014\/02\/28.jpg\"><img loading=\"lazy\" decoding=\"async\" class=\"alignnone size-full wp-image-416\" src=\"http:\/\/www.armazemdasfloresitu.com.br\/armazem\/wp-content\/uploads\/2014\/02\/28.jpg\" alt=\"28\" width=\"413\" height=\"310\" srcset=\"https:\/\/armazemdasfloresitu.com.br\/armazem\/wp-content\/uploads\/2014\/02\/28.jpg 413w, https:\/\/armazemdasfloresitu.com.br\/armazem\/wp-content\/uploads\/2014\/02\/28-300x225.jpg 300w\" sizes=\"auto, (max-width: 413px) 100vw, 413px\" \/><\/a><\/p>\n<p>Pr\u00edmula<br \/>\nEquil\u00edbrio, objetividade, apoio, juventude, amor jovem<\/p>\n<p><a href=\"http:\/\/www.armazemdasfloresitu.com.br\/armazem\/wp-content\/uploads\/2014\/02\/29.jpg\"><img loading=\"lazy\" decoding=\"async\" class=\"alignnone size-full wp-image-417\" src=\"http:\/\/www.armazemdasfloresitu.com.br\/armazem\/wp-content\/uploads\/2014\/02\/29.jpg\" alt=\"29\" width=\"413\" height=\"310\" srcset=\"https:\/\/armazemdasfloresitu.com.br\/armazem\/wp-content\/uploads\/2014\/02\/29.jpg 413w, https:\/\/armazemdasfloresitu.com.br\/armazem\/wp-content\/uploads\/2014\/02\/29-300x225.jpg 300w\" sizes=\"auto, (max-width: 413px) 100vw, 413px\" \/><\/a><\/p>\n<p><strong>Rosas<\/strong><\/p>\n<p>Paix\u00e3o, romantismo, amor, dedica\u00e7\u00e3o<\/p>\n<p><strong>Rosa amarela<\/strong><\/p>\n<p>Amizade, do\u00e7ura e carinho<\/p>\n<p><strong>Rosa vermelha<\/strong><\/p>\n<p>Admira\u00e7\u00e3o, caridade, casamento, desejo, amor intenso, paix\u00e3o<\/p>\n<p><strong>Rosa branca<\/strong><\/p>\n<p>Amor a Deus, pensamento abstrato, pureza, sil\u00eancio,\u00a0 paz<\/p>\n<p><strong>Rosa champanhe<\/strong><\/p>\n<p>Respeito, admira\u00e7\u00e3o<\/p>\n<p><strong>Rosa cor de rosa<\/strong><\/p>\n<p>Amizade, carinho, gratid\u00e3o, do\u00e7ura, charme<\/p>\n<p><strong>Rosa coral<\/strong><\/p>\n<p>Entusiasmo, desejo<\/p>\n<p><a href=\"http:\/\/www.armazemdasfloresitu.com.br\/armazem\/wp-content\/uploads\/2014\/02\/30.jpg\"><img loading=\"lazy\" decoding=\"async\" class=\"alignnone size-full wp-image-418\" src=\"http:\/\/www.armazemdasfloresitu.com.br\/armazem\/wp-content\/uploads\/2014\/02\/30.jpg\" alt=\"30\" width=\"408\" height=\"308\" srcset=\"https:\/\/armazemdasfloresitu.com.br\/armazem\/wp-content\/uploads\/2014\/02\/30.jpg 408w, https:\/\/armazemdasfloresitu.com.br\/armazem\/wp-content\/uploads\/2014\/02\/30-300x226.jpg 300w\" sizes=\"auto, (max-width: 408px) 100vw, 408px\" \/><\/a><\/p>\n<p>Tulipa<br \/>\nAmor, prosperidade, esperan\u00e7a<\/p>\n<p><a href=\"http:\/\/www.armazemdasfloresitu.com.br\/armazem\/wp-content\/uploads\/2014\/02\/31.jpg\"><img loading=\"lazy\" decoding=\"async\" class=\"alignnone size-full wp-image-419\" src=\"http:\/\/www.armazemdasfloresitu.com.br\/armazem\/wp-content\/uploads\/2014\/02\/31.jpg\" alt=\"31\" width=\"409\" height=\"273\" srcset=\"https:\/\/armazemdasfloresitu.com.br\/armazem\/wp-content\/uploads\/2014\/02\/31.jpg 409w, https:\/\/armazemdasfloresitu.com.br\/armazem\/wp-content\/uploads\/2014\/02\/31-300x200.jpg 300w\" sizes=\"auto, (max-width: 409px) 100vw, 409px\" \/><\/a><\/p>\n<p>Violeta<br \/>\nLealdade, mod\u00e9stia, simplicidade, simpatia<\/p>\n","protected":false},"excerpt":{"rendered":"<p>Agerato purifica\u00e7\u00e3o; pureza emocional Alstrom\u00e9ria Felicidade, amizade. Amar\u00edlis Orgulho, altivez, eleg\u00e2ncia, gra\u00e7a Amor perfeito Medita\u00e7\u00e3o, recorda\u00e7\u00f5es, reflex\u00e3o \u00c1ster Lealdade, fidelidade, sabedoria, bons pensamentos, poder, luz Azal\u00e9ia branca Romance Azal\u00e9ia rosada Amor \u00e0 natureza Beg\u00f3nia Timidez, inoc\u00eancia, lealdade no amor Brom\u00e9lia Inspira\u00e7\u00e3o, resist\u00eancia Calla (jarro) Sofistica\u00e7\u00e3o, beleza Calla branca (jarro branco) Inoc\u00eancia, pureza, paz Ciclame Pedido [&hellip;]<\/p>\n","protected":false},"author":2,"featured_media":0,"parent":0,"menu_order":0,"comment_status":"closed","ping_status":"open","template":"","meta":{"ngg_post_thumbnail":0,"footnotes":""},"class_list":["post-335","page","type-page","status-publish","hentry"],"_links":{"self":[{"href":"https:\/\/www.armazemdasfloresitu.com.br\/armazem\/wp-json\/wp\/v2\/pages\/335","targetHints":{"allow":["GET"]}}],"collection":[{"href":"https:\/\/www.armazemdasfloresitu.com.br\/armazem\/wp-json\/wp\/v2\/pages"}],"about":[{"href":"https:\/\/www.armazemdasfloresitu.com.br\/armazem\/wp-json\/wp\/v2\/types\/page"}],"author":[{"embeddable":true,"href":"https:\/\/www.armazemdasfloresitu.com.br\/armazem\/wp-json\/wp\/v2\/users\/2"}],"replies":[{"embeddable":true,"href":"https:\/\/www.armazemdasfloresitu.com.br\/armazem\/wp-json\/wp\/v2\/comments?post=335"}],"version-history":[{"count":4,"href":"https:\/\/www.armazemdasfloresitu.com.br\/armazem\/wp-json\/wp\/v2\/pages\/335\/revisions"}],"predecessor-version":[{"id":421,"href":"https:\/\/www.armazemdasfloresitu.com.br\/armazem\/wp-json\/wp\/v2\/pages\/335\/revisions\/421"}],"wp:attachment":[{"href":"https:\/\/www.armazemdasfloresitu.com.br\/armazem\/wp-json\/wp\/v2\/media?parent=335"}],"curies":[{"name":"wp","href":"https:\/\/api.w.org\/{rel}","templated":true}]}}